{"id":574,"date":"2024-05-26T11:59:28","date_gmt":"2024-05-26T11:59:28","guid":{"rendered":"https:\/\/tempocarsrent.com\/about-us\/"},"modified":"2024-06-10T17:02:26","modified_gmt":"2024-06-10T17:02:26","slug":"o-nama","status":"publish","type":"page","link":"https:\/\/tempocarsrent.com\/639-2-639-3\/o-nama\/","title":{"rendered":"O nama"},"content":{"rendered":"\t\t<div data-elementor-type=\"wp-page\" data-elementor-id=\"574\" class=\"elementor elementor-574\">\n\t\t\t\t<div class=\"elementor-element elementor-element-cfd4cfe e-flex e-con-boxed e-con e-parent\" data-id=\"cfd4cfe\" data-element_type=\"container\" data-settings=\"{&quot;background_background&quot;:&quot;classic&quot;}\">\n\t\t\t\t\t<div class=\"e-con-inner\">\n\t\t<div class=\"elementor-element elementor-element-4594d91 e-con-full e-flex e-con e-child\" data-id=\"4594d91\" data-element_type=\"container\">\n\t\t<div class=\"elementor-element elementor-element-ebc0b8c e-con-full e-flex e-con e-child\" data-id=\"ebc0b8c\" data-element_type=\"container\">\n\t\t<div class=\"elementor-element elementor-element-b672023 e-con-full e-flex e-con e-child\" data-id=\"b672023\" data-element_type=\"container\">\n\t\t\t\t<div class=\"elementor-element elementor-element-742d4a5 elementor-widget elementor-widget-heading\" data-id=\"742d4a5\" data-element_type=\"widget\" data-widget_type=\"heading.default\">\n\t\t\t\t<div class=\"elementor-widget-container\">\n\t\t\t<style>\/*! elementor - v3.21.0 - 20-05-2024 *\/\n.elementor-heading-title{padding:0;margin:0;line-height:1}.elementor-widget-heading .elementor-heading-title[class*=elementor-size-]>a{color:inherit;font-size:inherit;line-height:inherit}.elementor-widget-heading .elementor-heading-title.elementor-size-small{font-size:15px}.elementor-widget-heading .elementor-heading-title.elementor-size-medium{font-size:19px}.elementor-widget-heading .elementor-heading-title.elementor-size-large{font-size:29px}.elementor-widget-heading .elementor-heading-title.elementor-size-xl{font-size:39px}.elementor-widget-heading .elementor-heading-title.elementor-size-xxl{font-size:59px}<\/style><h1 class=\"elementor-heading-title elementor-size-default\">O nama<\/h1>\t\t<\/div>\n\t\t\t\t<\/div>\n\t\t\t\t<\/div>\n\t\t\t\t<\/div>\n\t\t\t\t<\/div>\n\t\t\t\t\t<\/div>\n\t\t\t\t<\/div>\n\t\t<div class=\"elementor-element elementor-element-7bedb9c e-flex e-con-boxed e-con e-parent\" data-id=\"7bedb9c\" data-element_type=\"container\" data-settings=\"{&quot;background_background&quot;:&quot;classic&quot;}\">\n\t\t\t\t\t<div class=\"e-con-inner\">\n\t\t<div class=\"elementor-element elementor-element-428a473 e-con-full e-flex e-con e-child\" data-id=\"428a473\" data-element_type=\"container\">\n\t\t<div class=\"elementor-element elementor-element-a6cc493 e-con-full e-flex e-con e-child\" data-id=\"a6cc493\" data-element_type=\"container\">\n\t\t<div class=\"elementor-element elementor-element-51a7db6 e-con-full e-flex e-con e-child\" data-id=\"51a7db6\" data-element_type=\"container\">\n\t\t\t\t<div class=\"elementor-element elementor-element-e191a35 elementor-widget elementor-widget-heading\" data-id=\"e191a35\" data-element_type=\"widget\" data-widget_type=\"heading.default\">\n\t\t\t\t<div class=\"elementor-widget-container\">\n\t\t\t<h2 class=\"elementor-heading-title elementor-size-default\">Mi Va\u0161a putovanja \u010dinimo udobnim<\/h2>\t\t<\/div>\n\t\t\t\t<\/div>\n\t\t\t\t<div class=\"elementor-element elementor-element-aa0fcca elementor-widget elementor-widget-text-editor\" data-id=\"aa0fcca\" data-element_type=\"widget\" data-widget_type=\"text-editor.default\">\n\t\t\t\t<div class=\"elementor-widget-container\">\n\t\t\t<style>\/*! elementor - v3.21.0 - 20-05-2024 *\/\n.elementor-widget-text-editor.elementor-drop-cap-view-stacked .elementor-drop-cap{background-color:#69727d;color:#fff}.elementor-widget-text-editor.elementor-drop-cap-view-framed .elementor-drop-cap{color:#69727d;border:3px solid;background-color:transparent}.elementor-widget-text-editor:not(.elementor-drop-cap-view-default) .elementor-drop-cap{margin-top:8px}.elementor-widget-text-editor:not(.elementor-drop-cap-view-default) .elementor-drop-cap-letter{width:1em;height:1em}.elementor-widget-text-editor .elementor-drop-cap{float:left;text-align:center;line-height:1;font-size:50px}.elementor-widget-text-editor .elementor-drop-cap-letter{display:inline-block}<\/style>\t\t\t\t<p>Tempo Cars Rent od 2017. godine uspje\u0161no se bavi iznajmljivanjem putni\u010dkih motornih vozila na podru\u010dju BiH.<br \/>Poslujemo u okviru firme &#8220;Tempeks 1 d.o.o.&#8221;, gdje smo ve\u0107 prepoznatljivi po svojoj posve\u0107enosti i kvalitetu usluge.<\/p>\t\t\t\t\t\t<\/div>\n\t\t\t\t<\/div>\n\t\t\t\t<div class=\"elementor-element elementor-element-23eeb8d elementor-widget elementor-widget-text-editor\" data-id=\"23eeb8d\" data-element_type=\"widget\" data-widget_type=\"text-editor.default\">\n\t\t\t\t<div class=\"elementor-widget-container\">\n\t\t\t\t\t\t\t<p>U svojoj floti imamo pet\u00a0 vozila, pri \u010dijem je odabiru poseban akcenat stavljen na <strong>sigurnost i udobnos<\/strong>t.<\/p>\t\t\t\t\t\t<\/div>\n\t\t\t\t<\/div>\n\t\t\t\t<\/div>\n\t\t<div class=\"elementor-element elementor-element-b978c66 e-con-full e-flex e-con e-child\" data-id=\"b978c66\" data-element_type=\"container\">\n\t\t\t\t<div class=\"elementor-element elementor-element-93499a1 elementor-widget elementor-widget-image\" data-id=\"93499a1\" data-element_type=\"widget\" data-widget_type=\"image.default\">\n\t\t\t\t<div class=\"elementor-widget-container\">\n\t\t\t<style>\/*! elementor - v3.21.0 - 20-05-2024 *\/\n.elementor-widget-image{text-align:center}.elementor-widget-image a{display:inline-block}.elementor-widget-image a img[src$=\".svg\"]{width:48px}.elementor-widget-image img{vertical-align:middle;display:inline-block}<\/style>\t\t\t\t\t\t\t\t\t\t<img fetchpriority=\"high\" decoding=\"async\" width=\"760\" height=\"850\" src=\"https:\/\/tempocarsrent.com\/wp-content\/uploads\/2021\/02\/about-02-free-img.jpg\" class=\"attachment-full size-full wp-image-406\" alt=\"About Image\" srcset=\"https:\/\/tempocarsrent.com\/wp-content\/uploads\/2021\/02\/about-02-free-img.jpg 760w, https:\/\/tempocarsrent.com\/wp-content\/uploads\/2021\/02\/about-02-free-img-268x300.jpg 268w\" sizes=\"(max-width: 760px) 100vw, 760px\" \/>\t\t\t\t\t\t\t\t\t\t\t\t\t<\/div>\n\t\t\t\t<\/div>\n\t\t\t\t<\/div>\n\t\t\t\t<\/div>\n\t\t\t\t<\/div>\n\t\t\t\t\t<\/div>\n\t\t\t\t<\/div>\n\t\t<div class=\"elementor-element elementor-element-b270efc e-flex e-con-boxed e-con e-parent\" data-id=\"b270efc\" data-element_type=\"container\">\n\t\t\t\t\t<div class=\"e-con-inner\">\n\t\t<div class=\"elementor-element elementor-element-9524dec e-con-full e-flex e-con e-child\" data-id=\"9524dec\" data-element_type=\"container\">\n\t\t\t\t<div class=\"elementor-element elementor-element-a934704 elementor-widget elementor-widget-heading\" data-id=\"a934704\" data-element_type=\"widget\" data-widget_type=\"heading.default\">\n\t\t\t\t<div class=\"elementor-widget-container\">\n\t\t\t<h6 class=\"elementor-heading-title elementor-size-default\">Za\u0161to odabrati nas<\/h6>\t\t<\/div>\n\t\t\t\t<\/div>\n\t\t\t\t<div class=\"elementor-element elementor-element-de876ce elementor-widget elementor-widget-heading\" data-id=\"de876ce\" data-element_type=\"widget\" data-widget_type=\"heading.default\">\n\t\t\t\t<div class=\"elementor-widget-container\">\n\t\t\t<h2 class=\"elementor-heading-title elementor-size-default\">Udobne limuzine u kojima \u0107e te biti sigurni<\/h2>\t\t<\/div>\n\t\t\t\t<\/div>\n\t\t\t\t<div class=\"elementor-element elementor-element-c62aae0 elementor-widget elementor-widget-heading\" data-id=\"c62aae0\" data-element_type=\"widget\" data-widget_type=\"heading.default\">\n\t\t\t\t<div class=\"elementor-widget-container\">\n\t\t\t<h2 class=\"elementor-heading-title elementor-size-default\">Vozila iz na\u0161e ponude posjeduju sve potrebne pakete opreme kao \u0161to su ABS, ESP, AirBag, Aircondition, Multimedia i dr. koji \u0107e Vam omogu\u0107iti udobno i sigurno putovanje.<\/h2>\t\t<\/div>\n\t\t\t\t<\/div>\n\t\t\t\t<\/div>\n\t\t\t\t\t<\/div>\n\t\t\t\t<\/div>\n\t\t<div class=\"elementor-element elementor-element-6cc3ae1 e-flex e-con-boxed e-con e-parent\" data-id=\"6cc3ae1\" data-element_type=\"container\">\n\t\t\t\t\t<div class=\"e-con-inner\">\n\t\t<div class=\"elementor-element elementor-element-db49688 e-con-full e-flex e-con e-child\" data-id=\"db49688\" data-element_type=\"container\">\n\t\t\t\t<div class=\"elementor-element elementor-element-1010dc7 elementor-widget elementor-widget-heading\" data-id=\"1010dc7\" data-element_type=\"widget\" data-widget_type=\"heading.default\">\n\t\t\t\t<div class=\"elementor-widget-container\">\n\t\t\t<h2 class=\"elementor-heading-title elementor-size-default\">1.<\/h2>\t\t<\/div>\n\t\t\t\t<\/div>\n\t\t\t\t<div class=\"elementor-element elementor-element-5f08b72 elementor-widget elementor-widget-heading\" data-id=\"5f08b72\" data-element_type=\"widget\" data-widget_type=\"heading.default\">\n\t\t\t\t<div class=\"elementor-widget-container\">\n\t\t\t<h5 class=\"elementor-heading-title elementor-size-default\">Dostavljanje i preuzimanje sa \u017eeljene adrese<\/h5>\t\t<\/div>\n\t\t\t\t<\/div>\n\t\t\t\t<div class=\"elementor-element elementor-element-d319693 elementor-widget elementor-widget-heading\" data-id=\"d319693\" data-element_type=\"widget\" data-widget_type=\"heading.default\">\n\t\t\t\t<div class=\"elementor-widget-container\">\n\t\t\t<h2 class=\"elementor-heading-title elementor-size-default\">2.<\/h2>\t\t<\/div>\n\t\t\t\t<\/div>\n\t\t\t\t<div class=\"elementor-element elementor-element-5e09bda elementor-widget elementor-widget-heading\" data-id=\"5e09bda\" data-element_type=\"widget\" data-widget_type=\"heading.default\">\n\t\t\t\t<div class=\"elementor-widget-container\">\n\t\t\t<h5 class=\"elementor-heading-title elementor-size-default\">Kratkoro\u010dni i dugoro\u010dni najam<\/h5>\t\t<\/div>\n\t\t\t\t<\/div>\n\t\t\t\t<div class=\"elementor-element elementor-element-13afa53 elementor-widget elementor-widget-heading\" data-id=\"13afa53\" data-element_type=\"widget\" data-widget_type=\"heading.default\">\n\t\t\t\t<div class=\"elementor-widget-container\">\n\t\t\t<h2 class=\"elementor-heading-title elementor-size-default\">3.<\/h2>\t\t<\/div>\n\t\t\t\t<\/div>\n\t\t\t\t<div class=\"elementor-element elementor-element-b57f0bf elementor-widget elementor-widget-heading\" data-id=\"b57f0bf\" data-element_type=\"widget\" data-widget_type=\"heading.default\">\n\t\t\t\t<div class=\"elementor-widget-container\">\n\t\t\t<h5 class=\"elementor-heading-title elementor-size-default\">Mogu\u0107nost dodatnog popusta na cijenu<\/h5>\t\t<\/div>\n\t\t\t\t<\/div>\n\t\t\t\t<\/div>\n\t\t\t\t\t<\/div>\n\t\t\t\t<\/div>\n\t\t<div class=\"elementor-element elementor-element-4b825df e-flex e-con-boxed e-con e-parent\" data-id=\"4b825df\" data-element_type=\"container\" data-settings=\"{&quot;background_background&quot;:&quot;classic&quot;}\">\n\t\t\t\t\t<div class=\"e-con-inner\">\n\t\t<div class=\"elementor-element elementor-element-b8dbd35 e-con-full e-flex e-con e-child\" data-id=\"b8dbd35\" data-element_type=\"container\">\n\t\t<div class=\"elementor-element elementor-element-6a4b933 e-con-full e-flex e-con e-child\" data-id=\"6a4b933\" data-element_type=\"container\">\n\t\t<div class=\"elementor-element elementor-element-f9439a5 e-con-full e-flex e-con e-child\" data-id=\"f9439a5\" data-element_type=\"container\">\n\t\t\t\t<div class=\"elementor-element elementor-element-1e6f131 elementor-widget elementor-widget-heading\" data-id=\"1e6f131\" data-element_type=\"widget\" data-widget_type=\"heading.default\">\n\t\t\t\t<div class=\"elementor-widget-container\">\n\t\t\t<h2 class=\"elementor-heading-title elementor-size-default\">Unajmite \u017eeljeno vozilo online<\/h2>\t\t<\/div>\n\t\t\t\t<\/div>\n\t\t\t\t<div class=\"elementor-element elementor-element-7fd38f3 elementor-widget elementor-widget-heading\" data-id=\"7fd38f3\" data-element_type=\"widget\" data-widget_type=\"heading.default\">\n\t\t\t\t<div class=\"elementor-widget-container\">\n\t\t\t<h3 class=\"elementor-heading-title elementor-size-default\">Odabir \u017eeljenog vozila mo\u017eete izvr\u0161iti online ili direktno pozivom na broj (WhatsApp, Viber)<\/h3>\t\t<\/div>\n\t\t\t\t<\/div>\n\t\t\t\t<\/div>\n\t\t\t\t<\/div>\n\t\t<div class=\"elementor-element elementor-element-a197418 e-flex e-con-boxed e-con e-child\" data-id=\"a197418\" data-element_type=\"container\">\n\t\t\t\t\t<div class=\"e-con-inner\">\n\t\t<div class=\"elementor-element elementor-element-2bd23fe e-con-full e-flex e-con e-child\" data-id=\"2bd23fe\" data-element_type=\"container\">\n\t\t\t\t<div class=\"elementor-element elementor-element-2a3d1f4 elementor-mobile-align-center elementor-widget elementor-widget-button\" data-id=\"2a3d1f4\" data-element_type=\"widget\" data-widget_type=\"button.default\">\n\t\t\t\t<div class=\"elementor-widget-container\">\n\t\t\t\t\t<div class=\"elementor-button-wrapper\">\n\t\t\t<a class=\"elementor-button elementor-button-link elementor-size-sm\" href=\"https:\/\/tempocarsrent.com\/contact\/\">\n\t\t\t\t\t\t<span class=\"elementor-button-content-wrapper\">\n\t\t\t\t\t\t\t\t\t<span class=\"elementor-button-text\">Kontaktiraj nas<\/span>\n\t\t\t\t\t<\/span>\n\t\t\t\t\t<\/a>\n\t\t<\/div>\n\t\t\t\t<\/div>\n\t\t\t\t<\/div>\n\t\t\t\t<\/div>\n\t\t<div class=\"elementor-element elementor-element-2f6b6c5 e-con-full e-flex e-con e-child\" data-id=\"2f6b6c5\" data-element_type=\"container\">\n\t\t\t\t<div class=\"elementor-element elementor-element-ccc3aeb elementor-widget elementor-widget-heading\" data-id=\"ccc3aeb\" data-element_type=\"widget\" data-widget_type=\"heading.default\">\n\t\t\t\t<div class=\"elementor-widget-container\">\n\t\t\t<h3 class=\"elementor-heading-title elementor-size-default\">+387 61 908 447<\/h3>\t\t<\/div>\n\t\t\t\t<\/div>\n\t\t\t\t<div class=\"elementor-element elementor-element-b9459b7 elementor-widget elementor-widget-heading\" data-id=\"b9459b7\" data-element_type=\"widget\" data-widget_type=\"heading.default\">\n\t\t\t\t<div class=\"elementor-widget-container\">\n\t\t\t<h6 class=\"elementor-heading-title elementor-size-default\">24\/7\/365 SUPPORT !<\/h6>\t\t<\/div>\n\t\t\t\t<\/div>\n\t\t\t\t<\/div>\n\t\t\t\t\t<\/div>\n\t\t\t\t<\/div>\n\t\t\t\t<\/div>\n\t\t\t\t\t<\/div>\n\t\t\t\t<\/div>\n\t\t\t\t<\/div>\n\t\t","protected":false},"excerpt":{"rendered":"<p>O nama Mi Va\u0161a putovanja \u010dinimo udobnim Tempo Cars Rent od 2017. godine uspje\u0161no se bavi iznajmljivanjem putni\u010dkih motornih vozila na podru\u010dju BiH.Poslujemo u okviru firme &#8220;Tempeks 1 d.o.o.&#8221;, gdje smo ve\u0107 prepoznatljivi po svojoj posve\u0107enosti i kvalitetu usluge. U svojoj floti imamo pet\u00a0 vozila, pri \u010dijem je odabiru poseban akcenat stavljen na sigurnost i [&hellip;]<\/p>\n","protected":false},"author":1,"featured_media":0,"parent":0,"menu_order":0,"comment_status":"closed","ping_status":"closed","template":"","meta":{"om_disable_all_campaigns":false,"_monsterinsights_skip_tracking":false,"_monsterinsights_sitenote_active":false,"_monsterinsights_sitenote_note":"","_monsterinsights_sitenote_category":0,"site-sidebar-layout":"no-sidebar","site-content-layout":"page-builder","ast-site-content-layout":"full-width-container","site-content-style":"unboxed","site-sidebar-style":"unboxed","ast-global-header-display":"","ast-banner-title-visibility":"","ast-main-header-display":"","ast-hfb-above-header-display":"","ast-hfb-below-header-display":"","ast-hfb-mobile-header-display":"","site-post-title":"disabled","ast-breadcrumbs-content":"disabled","ast-featured-img":"disabled","footer-sml-layout":"","theme-transparent-header-meta":"enabled","adv-header-id-meta":"","stick-header-meta":"","header-above-stick-meta":"","header-main-stick-meta":"","header-below-stick-meta":"","astra-migrate-meta-layouts":"set","ast-page-background-enabled":"default","ast-page-background-meta":{"desktop":{"background-color":"","background-image":"","background-repeat":"repeat","background-position":"center center","background-size":"auto","background-attachment":"scroll","background-type":"","background-media":"","overlay-type":"","overlay-color":"","overlay-opacity":"","overlay-gradient":""},"tablet":{"background-color":"","background-image":"","background-repeat":"repeat","background-position":"center center","background-size":"auto","background-attachment":"scroll","background-type":"","background-media":"","overlay-type":"","overlay-color":"","overlay-opacity":"","overlay-gradient":""},"mobile":{"background-color":"","background-image":"","background-repeat":"repeat","background-position":"center center","background-size":"auto","background-attachment":"scroll","background-type":"","background-media":"","overlay-type":"","overlay-color":"","overlay-opacity":"","overlay-gradient":""}},"ast-content-background-meta":{"desktop":{"background-color":"var(--ast-global-color-5)","background-image":"","background-repeat":"repeat","background-position":"center center","background-size":"auto","background-attachment":"scroll","background-type":"","background-media":"","overlay-type":"","overlay-color":"","overlay-opacity":"","overlay-gradient":""},"tablet":{"background-color":"var(--ast-global-color-5)","background-image":"","background-repeat":"repeat","background-position":"center center","background-size":"auto","background-attachment":"scroll","background-type":"","background-media":"","overlay-type":"","overlay-color":"","overlay-opacity":"","overlay-gradient":""},"mobile":{"background-color":"var(--ast-global-color-5)","background-image":"","background-repeat":"repeat","background-position":"center center","background-size":"auto","background-attachment":"scroll","background-type":"","background-media":"","overlay-type":"","overlay-color":"","overlay-opacity":"","overlay-gradient":""}},"footnotes":""},"aioseo_notices":[],"_links":{"self":[{"href":"https:\/\/tempocarsrent.com\/639-2-639-3\/wp-json\/wp\/v2\/pages\/574"}],"collection":[{"href":"https:\/\/tempocarsrent.com\/639-2-639-3\/wp-json\/wp\/v2\/pages"}],"about":[{"href":"https:\/\/tempocarsrent.com\/639-2-639-3\/wp-json\/wp\/v2\/types\/page"}],"author":[{"embeddable":true,"href":"https:\/\/tempocarsrent.com\/639-2-639-3\/wp-json\/wp\/v2\/users\/1"}],"replies":[{"embeddable":true,"href":"https:\/\/tempocarsrent.com\/639-2-639-3\/wp-json\/wp\/v2\/comments?post=574"}],"version-history":[{"count":142,"href":"https:\/\/tempocarsrent.com\/639-2-639-3\/wp-json\/wp\/v2\/pages\/574\/revisions"}],"predecessor-version":[{"id":1941,"href":"https:\/\/tempocarsrent.com\/639-2-639-3\/wp-json\/wp\/v2\/pages\/574\/revisions\/1941"}],"wp:attachment":[{"href":"https:\/\/tempocarsrent.com\/639-2-639-3\/wp-json\/wp\/v2\/media?parent=574"}],"curies":[{"name":"wp","href":"https:\/\/api.w.org\/{rel}","templated":true}]}}